{"id":19169,"date":"2025-03-21T08:31:42","date_gmt":"2025-03-21T12:31:42","guid":{"rendered":"https:\/\/tourismelacbrome.com\/?page_id=19169"},"modified":"2026-01-27T10:11:46","modified_gmt":"2026-01-27T15:11:46","slug":"otheraccomodations","status":"publish","type":"page","link":"https:\/\/tourismelacbrome.com\/en\/otheraccomodations\/","title":{"rendered":"Other"},"content":{"rendered":"\t\t<div data-elementor-type=\"wp-page\" data-elementor-id=\"19169\" class=\"elementor elementor-19169 elementor-19150\" data-elementor-post-type=\"page\">\n\t\t\t\t\t\t<section class=\"elementor-section elementor-top-section elementor-element elementor-element-510c456c elementor-section-boxed elementor-section-height-default elementor-section-height-default\" data-id=\"510c456c\" data-element_type=\"section\" data-settings=\"{&quot;background_background&quot;:&quot;classic&quot;}\">\n\t\t\t\t\t\t<div class=\"elementor-container elementor-column-gap-default\">\n\t\t\t\t\t<div class=\"elementor-column elementor-col-50 elementor-top-column elementor-element elementor-element-483f8539\" data-id=\"483f8539\" data-element_type=\"column\">\n\t\t\t<div class=\"elementor-widget-wrap elementor-element-populated\">\n\t\t\t\t\t\t<div class=\"elementor-element elementor-element-3d0f9ff6 elementor-widget elementor-widget-ucaddon_side_border_heading\" data-id=\"3d0f9ff6\" data-element_type=\"widget\" data-widget_type=\"ucaddon_side_border_heading.default\">\n\t\t\t\t<div class=\"elementor-widget-container\">\n\t\t\t\t\t\n<!-- start Side Line Heading -->\n<style>\/* widget: Side Line Heading *\/\n\n#uc_side_border_heading_elementor_3d0f9ff6\n{\n  display:flex;\n}\n\n#uc_side_border_heading_elementor_3d0f9ff6 .side_border_heading_title\n{\n  color:black;\n}\n\n#uc_side_border_heading_elementor_3d0f9ff6 .side_border_heading_subtitle\n{\n  line-height:1.5em;\n  color:gray;\n}\n#uc_side_border_heading_elementor_3d0f9ff6 .side_border_heading_line_holder{\nflex-shrink: 0;\n}\n\n#uc_side_border_heading_elementor_3d0f9ff6 .side_border_heading_line_spacer{\nflex-shrink: 0;\n}\n\n<\/style>\n\n<div id=\"uc_side_border_heading_elementor_3d0f9ff6\">\n  <div class=\"side_border_heading_line_holder\"><div class=\"side_border_heading_line\" style=\"background-color:#0082CD;\"><\/div><\/div>\n  <div class=\"side_border_heading_line_spacer\"><\/div>\n  <div>\n    <div class=\"side_border_heading_title\"><span  class=\"uc_style_side_border_heading_elementor_title\" style=\"color:#FFFFFF;\">Autres<\/span><\/div>\n    <div class=\"side_border_heading_subtitle\"><span  class=\"uc_style_side_border_heading_elementor_subtitle\" style=\"color:#FFFFFF;\">h\u00e9bergements<\/span><\/div>\n  <\/div>\n<\/div>\n<!-- end Side Line Heading -->\t\t\t\t<\/div>\n\t\t\t\t<\/div>\n\t\t\t\t\t<\/div>\n\t\t<\/div>\n\t\t\t\t<div class=\"elementor-column elementor-col-50 elementor-top-column elementor-element elementor-element-71185652\" data-id=\"71185652\" data-element_type=\"column\">\n\t\t\t<div class=\"elementor-widget-wrap elementor-element-populated\">\n\t\t\t\t\t\t<div class=\"elementor-element elementor-element-5e12c639 elementor-widget elementor-widget-ucaddon_underline_link_hover_effect\" data-id=\"5e12c639\" data-element_type=\"widget\" data-widget_type=\"ucaddon_underline_link_hover_effect.default\">\n\t\t\t\t<div class=\"elementor-widget-container\">\n\t\t\t\t\t\n<!-- start Underline Link Hover Effect -->\n\t\t<link id='font-awesome-css' href='https:\/\/tourismelacbrome.com\/wp-content\/plugins\/unlimited-elements-for-elementor-premium\/assets_libraries\/font-awesome6\/fontawesome-all.min.css' type='text\/css' rel='stylesheet' >\n\t\t<link id='font-awesome-4-shim-css' href='https:\/\/tourismelacbrome.com\/wp-content\/plugins\/unlimited-elements-for-elementor-premium\/assets_libraries\/font-awesome6\/fontawesome-v4-shims.min.css' type='text\/css' rel='stylesheet' >\n\n<style>\/* widget: Underline Link Hover Effect *\/\n\n#uc_underline_link_hover_effect_elementor_5e12c639\n{\n  display:flex;\n} \n\n#uc_underline_link_hover_effect_elementor_5e12c639 a.ue-link\n{\n  display:flex;\n  position:relative;\n  align-items:center;\n  justify-content:center;\n  text-decoration:none;\n}\n\n#uc_underline_link_hover_effect_elementor_5e12c639 a.ue-link:after\n{\n  content: \"\";\n  width:100%;\n  position:absolute;\n  bottom:0px;\n  left:0px;\n  display: block;\n  transition:1s;\n}\n\n#uc_underline_link_hover_effect_elementor_5e12c639 a:hover:after\n{\n  width:0%;\n}\n\n#uc_underline_link_hover_effect_elementor_5e12c639 .ue-link-hover-effect-spacing\n{\n  width:15px;\n  transition:1s;\n}\n\n#uc_underline_link_hover_effect_elementor_5e12c639 a:hover .ue-link-hover-effect-spacing\n{\n  width:30px;\n}\n\n#uc_underline_link_hover_effect_elementor_5e12c639 .ue-link-hover-effect-text\n{\n  padding:10px 0px;\n}\n\n#uc_underline_link_hover_effect_elementor_5e12c639 .ue-link-hover-effect-icon\n{\n  line-height:1em;\n}\n\n#uc_underline_link_hover_effect_elementor_5e12c639 .ue-link-hover-effect-icon svg\n{\n  height:1em;\n  width:1em;\n}\n\n<\/style>\n\n<div id=\"uc_underline_link_hover_effect_elementor_5e12c639\" class=\"ue-link-wrap\">\n<a class=\"ue-link\" href=\"https:\/\/tourismelacbrome.com\/en\/attractions\/stay\/\" >\n  <div class=\"ue-link-hover-effect-text\">Voir tous les h\u00e9bergements<\/div>\n  <div class=\"ue-link-hover-effect-spacing\"><\/div>\n  <div class=\"ue-link-hover-effect-icon\"><i class=''><\/i><\/div>\n<\/a>\n<\/div>\n<!-- end Underline Link Hover Effect -->\t\t\t\t<\/div>\n\t\t\t\t<\/div>\n\t\t\t\t\t<\/div>\n\t\t<\/div>\n\t\t\t\t\t<\/div>\n\t\t<\/section>\n\t\t<div class=\"elementor-element elementor-element-ff44ae8 e-flex e-con-boxed e-con e-parent\" data-id=\"ff44ae8\" data-element_type=\"container\">\n\t\t\t\t\t<div class=\"e-con-inner\">\n\t\t\t\t<div class=\"elementor-element elementor-element-7ec3729 elementor-widget elementor-widget-ucaddon_content_grid2\" data-id=\"7ec3729\" data-element_type=\"widget\" data-widget_type=\"ucaddon_content_grid2.default\">\n\t\t\t\t<div class=\"elementor-widget-container\">\n\t\t\t\t\t\n<!-- start Content Grid -->\n\t\t<link id='fancybox-css' href='https:\/\/tourismelacbrome.com\/wp-content\/plugins\/unlimited-elements-for-elementor-premium\/assets_libraries\/fancybox3\/jquery.fancybox.min.css' type='text\/css' rel='stylesheet' >\n\n<style>\/* widget: Content Grid *\/\n\n\n\n#uc_content_grid2_elementor_7ec3729 a.uc_more_btn{\n\ttext-align: center;\n\ttransition: all 0.25s ease-in-out;\n}\n\n#uc_content_grid2_elementor_7ec3729 * {\n\tbox-sizing: border-box;\t\n}\n#uc_content_grid2_elementor_7ec3729 .uc_post_grid_style_one_wrap {\n\tdisplay: grid;\n}\n\n#uc_content_grid2_elementor_7ec3729 .uc_post_grid_style_one_image {\n\twidth: 100%;\n\toverflow: hidden;\n\tdisplay: block;\n  \t\n}\n#uc_content_grid2_elementor_7ec3729 .uc_post_image {\n\twidth: inherit;\n\theight: inherit;\n\tbackground-position: center center;\n\tbackground-repeat: no-repeat;\n\tdisplay: block;\n\ttransition: all 0.25s ease-in-out;\n}\n#uc_content_grid2_elementor_7ec3729 .uc_post_grid_style_one_item:hover .uc_post_image {\n\ttransform: scale(1.1);\n}\n\n#uc_content_grid2_elementor_7ec3729 .ue-image-holder a\n{\n  display:block;\n}\n\n#uc_content_grid2_elementor_7ec3729 .ue-item\n{\n  position:relative;\n  overflow:hidden;\n}\n\n#uc_content_grid2_elementor_7ec3729 .ue-item-title\n{\n  width:100%;\n}\n\n#uc_content_grid2_elementor_7ec3729 .ue-item-text\n{\n  width:100%;\n}\n\n#uc_content_grid2_elementor_7ec3729 .uc_content\n{\n  display:flex;\n  flex-direction:column;\n}\n\n#uc_content_grid2_elementor_7ec3729 .ue-content-wrapper\n{\n  width:100%;\n}\n\n#uc_content_grid2_elementor_7ec3729 .ue-button\n{\n  margin-top:auto;\n}\n\n#uc_content_grid2_elementor_7ec3729 .ue-button\n{\n  width:100%;\n}\n\n\n\n\n\n\n\n\n\n\t#uc_content_grid2_elementor_7ec3729 .ue-item\n    {\n      display:flex;\n      \n      \n          }\n\n\t#uc_content_grid2_elementor_7ec3729 .uc_content\n    {\n      display:flex;\n      justify-content:center;\n      flex-direction:column;\n      flex-shrink:0;\n      flex-grow:0;\n    }\n\n\n    #uc_content_grid2_elementor_7ec3729 .ue-image-holder\n    {\n      flex-grow:1;\n    }\n\t\n\n\n#uc_content_grid2_elementor_7ec3729.uc-remote-parent .ue-item\n{\n  cursor:pointer;\n}\n\n<\/style>\n\n<div class=\"uc_post_grid_style_one   \" id=\"uc_content_grid2_elementor_7ec3729\"   data-lightbox=\"false\">\n\t\t<div class=\"uc_post_grid_style_one_wrap uc-items-wrapper\">\n\t\t\t<div class=\"uc_post_grid_style_one_item ue-item\">\n  \n  \n    \n  <div class=\"uc_content padding\">\n    <div class=\"ue-content-wrapper\">\n      \n            <a href=\"https:\/\/www.bonjourquebec.com\/fr-ca\/repertoire\/hebergement\/67-davis\/0d7k\" target=\"_blank\" rel=\"noopener\">      <div class=\"ue-item-title\">\n          67 Davis\n      <\/div>\n       <\/a>            \n            \n    <\/div>\n    \n        \n  <\/div>\n<\/div>\n<div class=\"uc_post_grid_style_one_item ue-item\">\n  \n  \n    \n  <div class=\"uc_content padding\">\n    <div class=\"ue-content-wrapper\">\n      \n            <a href=\"https:\/\/www.bonjourquebec.com\/fr-ca\/recherche?q=Appartement%20Centre%20Luxa%C3%AAtre\" target=\"_blank\" rel=\"noopener\">      <div class=\"ue-item-title\">\n          Appartement Centre Luxa\u00eatre\n      <\/div>\n       <\/a>            \n            \n    <\/div>\n    \n        \n  <\/div>\n<\/div>\n<div class=\"uc_post_grid_style_one_item ue-item\">\n  \n  \n    \n  <div class=\"uc_content padding\">\n    <div class=\"ue-content-wrapper\">\n      \n            <a href=\"https:\/\/www.bonjourquebec.com\/fr-ca\/repertoire\/hebergement\/au-canard-branchu-du-lac-brome\/0hrb\" target=\"_blank\" rel=\"noopener\">      <div class=\"ue-item-title\">\n          Au Canard Branchu du Lac-Brome\n      <\/div>\n       <\/a>            \n            \n    <\/div>\n    \n        \n  <\/div>\n<\/div>\n<div class=\"uc_post_grid_style_one_item ue-item\">\n  \n  \n    \n  <div class=\"uc_content padding\">\n    <div class=\"ue-content-wrapper\">\n      \n            <a href=\"https:\/\/www.bonjourquebec.com\/fr-ca\/repertoire\/hebergement\/cedriere-du-lac-brome\/0g37\" target=\"_blank\" rel=\"noopener\">      <div class=\"ue-item-title\">\n          C\u00e9dri\u00e8re du Lac-Brome\n      <\/div>\n       <\/a>            \n            \n    <\/div>\n    \n        \n  <\/div>\n<\/div>\n<div class=\"uc_post_grid_style_one_item ue-item\">\n  \n  \n    \n  <div class=\"uc_content padding\">\n    <div class=\"ue-content-wrapper\">\n      \n            <a href=\"https:\/\/www.bonjourquebec.com\/fr-ca\/repertoire\/hebergement\/chalet-brome\/09yx\" target=\"_blank\" rel=\"noopener\">      <div class=\"ue-item-title\">\n          Chalet Brome\n      <\/div>\n       <\/a>            \n            \n    <\/div>\n    \n        \n  <\/div>\n<\/div>\n<div class=\"uc_post_grid_style_one_item ue-item\">\n  \n  \n    \n  <div class=\"uc_content padding\">\n    <div class=\"ue-content-wrapper\">\n      \n            <a href=\"https:\/\/www.bonjourquebec.com\/fr-ca\/repertoire\/hebergement\/chalet-meadowlands-meadowlands-cottage\/0k4i\" target=\"_blank\" rel=\"noopener\">      <div class=\"ue-item-title\">\n          Chalet Meadowlands\n      <\/div>\n       <\/a>            \n            \n    <\/div>\n    \n        \n  <\/div>\n<\/div>\n<div class=\"uc_post_grid_style_one_item ue-item\">\n  \n  \n    \n  <div class=\"uc_content padding\">\n    <div class=\"ue-content-wrapper\">\n      \n            <a href=\"https:\/\/www.bonjourquebec.com\/fr-ca\/repertoire\/hebergement\/chalets-howard\/0gwv\" target=\"_blank\" rel=\"noopener\">      <div class=\"ue-item-title\">\n          Chalets Howard\n      <\/div>\n       <\/a>            \n            \n    <\/div>\n    \n        \n  <\/div>\n<\/div>\n<div class=\"uc_post_grid_style_one_item ue-item\">\n  \n  \n    \n  <div class=\"uc_content padding\">\n    <div class=\"ue-content-wrapper\">\n      \n            <a href=\"https:\/\/www.bonjourquebec.com\/fr-ca\/repertoire\/hebergement\/chalets-lac-brome-brome-lake-cottages\/0fh1\" target=\"_blank\" rel=\"noopener\">      <div class=\"ue-item-title\">\n          Chalets Lac-Brome\n      <\/div>\n       <\/a>            \n            \n    <\/div>\n    \n        \n  <\/div>\n<\/div>\n<div class=\"uc_post_grid_style_one_item ue-item\">\n  \n  \n    \n  <div class=\"uc_content padding\">\n    <div class=\"ue-content-wrapper\">\n      \n            <a href=\"https:\/\/www.bonjourquebec.com\/fr-ca\/repertoire\/hebergement\/condo-luxueux-et-loft-luxueux\/09e1\" target=\"_blank\" rel=\"noopener\">      <div class=\"ue-item-title\">\n          Condo luxueux et Loft luxueux\n      <\/div>\n       <\/a>            \n            \n    <\/div>\n    \n        \n  <\/div>\n<\/div>\n<div class=\"uc_post_grid_style_one_item ue-item\">\n  \n  \n    \n  <div class=\"uc_content padding\">\n    <div class=\"ue-content-wrapper\">\n      \n            <a href=\"https:\/\/www.bonjourquebec.com\/fr-ca\/repertoire\/hebergement\/david-chartrand\/2fh5\" target=\"_blank\" rel=\"noopener\">      <div class=\"ue-item-title\">\n          David Chartrand\n      <\/div>\n       <\/a>            \n            \n    <\/div>\n    \n        \n  <\/div>\n<\/div>\n<div class=\"uc_post_grid_style_one_item ue-item\">\n  \n  \n    \n  <div class=\"uc_content padding\">\n    <div class=\"ue-content-wrapper\">\n      \n            <a href=\"https:\/\/www.bonjourquebec.com\/fr-ca\/repertoire\/hebergement\/domaine-des-paturages-du-ciel\/0hga\" target=\"_blank\" rel=\"noopener\">      <div class=\"ue-item-title\">\n          Domaine des P\u00e2turages du Ciel\n      <\/div>\n       <\/a>            \n            \n    <\/div>\n    \n        \n  <\/div>\n<\/div>\n<div class=\"uc_post_grid_style_one_item ue-item\">\n  \n  \n    \n  <div class=\"uc_content padding\">\n    <div class=\"ue-content-wrapper\">\n      \n            <a href=\"https:\/\/www.bonjourquebec.com\/fr-ca\/repertoire\/hebergement\/escapade-au-lac-brome\/0k98\" target=\"_blank\" rel=\"noopener\">      <div class=\"ue-item-title\">\n          Escapade au Lac-Brome\n      <\/div>\n       <\/a>            \n            \n    <\/div>\n    \n        \n  <\/div>\n<\/div>\n<div class=\"uc_post_grid_style_one_item ue-item\">\n  \n  \n    \n  <div class=\"uc_content padding\">\n    <div class=\"ue-content-wrapper\">\n      \n            <a href=\"https:\/\/www.bonjourquebec.com\/fr-ca\/repertoire\/hebergement\/jessica-brown\/2aqi\" target=\"_blank\" rel=\"noopener\">      <div class=\"ue-item-title\">\n          Jessica Brown\n      <\/div>\n       <\/a>            \n            \n    <\/div>\n    \n        \n  <\/div>\n<\/div>\n<div class=\"uc_post_grid_style_one_item ue-item\">\n  \n  \n    \n  <div class=\"uc_content padding\">\n    <div class=\"ue-content-wrapper\">\n      \n            <a href=\"https:\/\/www.bonjourquebec.com\/fr-ca\/repertoire\/hebergement\/la-campagne\/09yu\" target=\"_blank\" rel=\"noopener\">      <div class=\"ue-item-title\">\n          La Campagne\n      <\/div>\n       <\/a>            \n            \n    <\/div>\n    \n        \n  <\/div>\n<\/div>\n<div class=\"uc_post_grid_style_one_item ue-item\">\n  \n  \n    \n  <div class=\"uc_content padding\">\n    <div class=\"ue-content-wrapper\">\n      \n            <a href=\"https:\/\/www.bonjourquebec.com\/fr-ca\/repertoire\/hebergement\/la-petite-ecole-de-rang\/0c1v\" target=\"_blank\" rel=\"noopener\">      <div class=\"ue-item-title\">\n          La petite \u00e9cole de rang\n      <\/div>\n       <\/a>            \n            \n    <\/div>\n    \n        \n  <\/div>\n<\/div>\n<div class=\"uc_post_grid_style_one_item ue-item\">\n  \n  \n    \n  <div class=\"uc_content padding\">\n    <div class=\"ue-content-wrapper\">\n      \n            <a href=\"https:\/\/www.bonjourquebec.com\/fr-ca\/repertoire\/hebergement\/la-vieille-ecole-call-s-mills\/09b1\" target=\"_blank\" rel=\"noopener\">      <div class=\"ue-item-title\">\n          La vieille \u00c9cole Call's Mills\n      <\/div>\n       <\/a>            \n            \n    <\/div>\n    \n        \n  <\/div>\n<\/div>\n<div class=\"uc_post_grid_style_one_item ue-item\">\n  \n  \n    \n  <div class=\"uc_content padding\">\n    <div class=\"ue-content-wrapper\">\n      \n            <a href=\"https:\/\/www.bonjourquebec.com\/fr-ca\/repertoire\/hebergement\/le-5-owl\/0cb8\" target=\"_blank\" rel=\"noopener\">      <div class=\"ue-item-title\">\n          Le 5 Owl\n      <\/div>\n       <\/a>            \n            \n    <\/div>\n    \n        \n  <\/div>\n<\/div>\n<div class=\"uc_post_grid_style_one_item ue-item\">\n  \n  \n    \n  <div class=\"uc_content padding\">\n    <div class=\"ue-content-wrapper\">\n      \n            <a href=\"https:\/\/www.bonjourquebec.com\/fr-ca\/repertoire\/hebergement\/le-hot-duck\/0kcg\" target=\"_blank\" rel=\"noopener\">      <div class=\"ue-item-title\">\n          Le Hot Duck\n      <\/div>\n       <\/a>            \n            \n    <\/div>\n    \n        \n  <\/div>\n<\/div>\n<div class=\"uc_post_grid_style_one_item ue-item\">\n  \n  \n    \n  <div class=\"uc_content padding\">\n    <div class=\"ue-content-wrapper\">\n      \n            <a href=\"https:\/\/www.bonjourquebec.com\/fr-ca\/repertoire\/hebergement\/le-loft-lakeside-a-knowlton\/0dy8\" target=\"_blank\" rel=\"noopener\">      <div class=\"ue-item-title\">\n          Le Loft Lakeside \u00e0 Knowlton\n      <\/div>\n       <\/a>            \n            \n    <\/div>\n    \n        \n  <\/div>\n<\/div>\n<div class=\"uc_post_grid_style_one_item ue-item\">\n  \n  \n    \n  <div class=\"uc_content padding\">\n    <div class=\"ue-content-wrapper\">\n      \n            <a href=\"https:\/\/www.bonjourquebec.com\/fr-ca\/repertoire\/hebergement\/le-panache\/1ns5\" target=\"_blank\" rel=\"noopener\">      <div class=\"ue-item-title\">\n          Le Panache\n      <\/div>\n       <\/a>            \n            \n    <\/div>\n    \n        \n  <\/div>\n<\/div>\n<div class=\"uc_post_grid_style_one_item ue-item\">\n  \n  \n    \n  <div class=\"uc_content padding\">\n    <div class=\"ue-content-wrapper\">\n      \n            <a href=\"https:\/\/www.bonjourquebec.com\/fr-ca\/repertoire\/hebergement\/le-pine-grove\/0lm2\" target=\"_blank\" rel=\"noopener\">      <div class=\"ue-item-title\">\n          Le Pine Grove\n      <\/div>\n       <\/a>            \n            \n    <\/div>\n    \n        \n  <\/div>\n<\/div>\n<div class=\"uc_post_grid_style_one_item ue-item\">\n  \n  \n    \n  <div class=\"uc_content padding\">\n    <div class=\"ue-content-wrapper\">\n      \n            <a href=\"https:\/\/www.bonjourquebec.com\/fr-ca\/repertoire\/hebergement\/le-sejour-knowlton\/09op\" target=\"_blank\" rel=\"noopener\">      <div class=\"ue-item-title\">\n          Le S\u00e9jour Knowlton\n      <\/div>\n       <\/a>            \n            \n    <\/div>\n    \n        \n  <\/div>\n<\/div>\n<div class=\"uc_post_grid_style_one_item ue-item\">\n  \n  \n    \n  <div class=\"uc_content padding\">\n    <div class=\"ue-content-wrapper\">\n      \n            <a href=\"https:\/\/www.bonjourquebec.com\/fr-ca\/repertoire\/hebergement\/le-stillwaters-knowlton\/0yhf\" target=\"_blank\" rel=\"noopener\">      <div class=\"ue-item-title\">\n          Le Stillwaters Knowlton\n      <\/div>\n       <\/a>            \n            \n    <\/div>\n    \n        \n  <\/div>\n<\/div>\n<div class=\"uc_post_grid_style_one_item ue-item\">\n  \n  \n    \n  <div class=\"uc_content padding\">\n    <div class=\"ue-content-wrapper\">\n      \n            <a href=\"https:\/\/www.bonjourquebec.com\/fr-ca\/repertoire\/hebergement\/les-smart-chalets\/0di9\" target=\"_blank\" rel=\"noopener\">      <div class=\"ue-item-title\">\n          Les Smart Chalets\n      <\/div>\n       <\/a>            \n            \n    <\/div>\n    \n        \n  <\/div>\n<\/div>\n<div class=\"uc_post_grid_style_one_item ue-item\">\n  \n  \n    \n  <div class=\"uc_content padding\">\n    <div class=\"ue-content-wrapper\">\n      \n            <a href=\"https:\/\/www.bonjourquebec.com\/fr-ca\/repertoire\/hebergement\/l-escale-sur-le-lac-brome\/0am6\" target=\"_blank\" rel=\"noopener\">      <div class=\"ue-item-title\">\n          L'Escale sur le Lac-Brome\n      <\/div>\n       <\/a>            \n            \n    <\/div>\n    \n        \n  <\/div>\n<\/div>\n<div class=\"uc_post_grid_style_one_item ue-item\">\n  \n  \n    \n  <div class=\"uc_content padding\">\n    <div class=\"ue-content-wrapper\">\n      \n            <a href=\"https:\/\/www.bonjourquebec.com\/fr-ca\/repertoire\/hebergement\/o-chalet-vert\/148l\" target=\"_blank\" rel=\"noopener\">      <div class=\"ue-item-title\">\n          O Chalet Vert\n      <\/div>\n       <\/a>            \n            \n    <\/div>\n    \n        \n  <\/div>\n<\/div>\n<div class=\"uc_post_grid_style_one_item ue-item\">\n  \n  \n    \n  <div class=\"uc_content padding\">\n    <div class=\"ue-content-wrapper\">\n      \n            <a href=\"https:\/\/www.bonjourquebec.com\/fr-ca\/repertoire\/hebergement\/sejours-knamptons\/0gtj\" target=\"_blank\" rel=\"noopener\">      <div class=\"ue-item-title\">\n          S\u00e9jours Knamptons\n      <\/div>\n       <\/a>            \n            \n    <\/div>\n    \n        \n  <\/div>\n<\/div>\n<div class=\"uc_post_grid_style_one_item ue-item\">\n  \n  \n    \n  <div class=\"uc_content padding\">\n    <div class=\"ue-content-wrapper\">\n      \n            <a href=\"https:\/\/www.bonjourquebec.com\/fr-ca\/repertoire\/hebergement\/lumen\/0cz8\" target=\"_blank\" rel=\"noopener\">      <div class=\"ue-item-title\">\n          Lumen\n      <\/div>\n       <\/a>            \n            \n    <\/div>\n    \n        \n  <\/div>\n<\/div>\n<div class=\"uc_post_grid_style_one_item ue-item\">\n  \n  \n    \n  <div class=\"uc_content padding\">\n    <div class=\"ue-content-wrapper\">\n      \n            <a href=\"https:\/\/www.bonjourquebec.com\/fr-ca\/repertoire\/hebergement\/b-b-lac-brome\/1i3o\" target=\"_blank\" rel=\"noopener\">      <div class=\"ue-item-title\">\n          B&B Lac-Brome\n      <\/div>\n       <\/a>            \n            \n    <\/div>\n    \n        \n  <\/div>\n<\/div>\n<div class=\"uc_post_grid_style_one_item ue-item\">\n  \n  \n    \n  <div class=\"uc_content padding\">\n    <div class=\"ue-content-wrapper\">\n      \n            <a href=\"https:\/\/www.bonjourquebec.com\/fr-ca\/repertoire\/hebergement\/villa-de-brome\/0c6b\" target=\"_blank\" rel=\"noopener\">      <div class=\"ue-item-title\">\n          Villa de Brome\n      <\/div>\n       <\/a>            \n            \n    <\/div>\n    \n        \n  <\/div>\n<\/div>\n\n\t\t<\/div>\n\t<\/div>\n<!-- end Content Grid -->\t\t\t\t<\/div>\n\t\t\t\t<\/div>\n\t\t\t\t\t<\/div>\n\t\t\t\t<\/div>\n\t\t\t\t<\/div>\n\t\t","protected":false},"excerpt":{"rendered":"<p>Autres h\u00e9bergements Voir tous les h\u00e9bergements 67 Davis Appartement Centre Luxa\u00eatre Au Canard Branchu du Lac-Brome C\u00e9dri\u00e8re du Lac-Brome Chalet Brome Chalet Meadowlands Chalets Howard Chalets Lac-Brome Condo luxueux et Loft luxueux David Chartrand Domaine des P\u00e2turages du Ciel Escapade au Lac-Brome Jessica Brown La Campagne La petite \u00e9cole de rang La vieille \u00c9cole Call&#8217;s [&hellip;]<\/p>\n","protected":false},"author":11,"featured_media":0,"parent":0,"menu_order":12,"comment_status":"closed","ping_status":"closed","template":"","meta":{"_acf_changed":false,"_uf_show_specific_survey":0,"_uf_disable_surveys":false,"footnotes":""},"class_list":["post-19169","page","type-page","status-publish","hentry"],"acf":[],"publishpress_future_workflow_manual_trigger":{"enabledWorkflows":[]},"_links":{"self":[{"href":"https:\/\/tourismelacbrome.com\/en\/wp-json\/wp\/v2\/pages\/19169","targetHints":{"allow":["GET"]}}],"collection":[{"href":"https:\/\/tourismelacbrome.com\/en\/wp-json\/wp\/v2\/pages"}],"about":[{"href":"https:\/\/tourismelacbrome.com\/en\/wp-json\/wp\/v2\/types\/page"}],"author":[{"embeddable":true,"href":"https:\/\/tourismelacbrome.com\/en\/wp-json\/wp\/v2\/users\/11"}],"replies":[{"embeddable":true,"href":"https:\/\/tourismelacbrome.com\/en\/wp-json\/wp\/v2\/comments?post=19169"}],"version-history":[{"count":17,"href":"https:\/\/tourismelacbrome.com\/en\/wp-json\/wp\/v2\/pages\/19169\/revisions"}],"predecessor-version":[{"id":21376,"href":"https:\/\/tourismelacbrome.com\/en\/wp-json\/wp\/v2\/pages\/19169\/revisions\/21376"}],"wp:attachment":[{"href":"https:\/\/tourismelacbrome.com\/en\/wp-json\/wp\/v2\/media?parent=19169"}],"curies":[{"name":"wp","href":"https:\/\/api.w.org\/{rel}","templated":true}]}}